{"id":1121,"date":"2019-07-15T03:37:28","date_gmt":"2019-07-15T03:37:28","guid":{"rendered":"https:\/\/immigrationeu.fr\/?page_id=1121"},"modified":"2020-12-03T01:28:11","modified_gmt":"2020-12-03T01:28:11","slug":"inicio","status":"publish","type":"page","link":"https:\/\/immigrationeu.fr\/es\/","title":{"rendered":"Inicio"},"content":{"rendered":"<p>[vc_row full_width=\u00bbstretch_row_content\u00bb css=\u00bb.vc_custom_1562429724054{margin-top: 30px !important;}\u00bb][vc_column width=\u00bb1\/3&#8243; css=\u00bb.vc_custom_1562428924378{margin-bottom: 25px !important;}\u00bb]<div id=\"nitro_custom_css_1928482161\" class=\"image-banner tc text style-1\"><div class=\"pr oh cs-12 cxs-12\"><a href=\"\/es\/francia\/\" class=\"dt oh pr cxs-12 cs-12\"><img class=\"front ts-04 cxs-12 cs-12\" src=\"https:\/\/immigrationeu.fr\/wp-content\/uploads\/2020\/10\/immigration-to-france.png\" width=\"1000\"  height=\"700\" alt=\"Front Image\" \/><\/a><div class=\"content\"><div class=\"inner-content\"><h2>INMIGRACI\u00d3N EN FRANCIA<\/h2><p><\/p><\/div><\/div><\/div><\/div>[vc_column_text css=\u00bb.vc_custom_1604673855969{margin-bottom: 0px !important;padding-top: 16px !important;padding-bottom: 16px !important;background-color: #14274e !important;}\u00bb el_id=\u00bbhm_box\u00bb]<\/p>\n<h3 style=\"font-size: 20px; line-height: 26px; margin-top: 0px; text-align: center;\"><a href=\"\/es\/francia\/\"><span style=\"color: #f2f2f2;\">INMIGRACI\u00d3N EN FRANCIA<\/span><\/a><\/h3>\n<p>[\/vc_column_text][\/vc_column][vc_column width=\u00bb1\/3&#8243; css=\u00bb.vc_custom_1562428929774{margin-bottom: 25px !important;}\u00bb]<div id=\"nitro_custom_css_518261307\" class=\"image-banner tc text style-1\"><div class=\"pr oh cs-12 cxs-12\"><a href=\"\/es\/monaco\/\" class=\"dt oh pr cxs-12 cs-12\"><img class=\"front ts-04 cxs-12 cs-12\" src=\"https:\/\/immigrationeu.fr\/wp-content\/uploads\/2020\/10\/immigration-to-monaco.png\" width=\"1000\"  height=\"700\" alt=\"Front Image\" \/><\/a><div class=\"content\"><div class=\"inner-content\"><h2>INMIGRACI\u00d3N A M\u00d3NACO<\/h2><p><\/p><\/div><\/div><\/div><\/div>[vc_column_text css=\u00bb.vc_custom_1604673862458{margin-bottom: 0px !important;padding-top: 16px !important;padding-bottom: 16px !important;background-color: #14274e !important;}\u00bb el_id=\u00bbhm_box\u00bb]<\/p>\n<h3 style=\"font-size: 20px; line-height: 26px; margin-top: 0px; text-align: center;\"><a href=\"\/es\/monaco\/\"><span style=\"color: #f2f2f2;\">INMIGRACI\u00d3N A M\u00d3NACO<\/span><\/a><\/h3>\n<p>[\/vc_column_text][\/vc_column][vc_column width=\u00bb1\/3&#8243; css=\u00bb.vc_custom_1562428935620{margin-bottom: 25px !important;}\u00bb]<div id=\"nitro_custom_css_1553964467\" class=\"image-banner tc text style-1\"><div class=\"pr oh cs-12 cxs-12\"><a href=\"\/es\/suiza\/\" class=\"dt oh pr cxs-12 cs-12\"><img class=\"front ts-04 cxs-12 cs-12\" src=\"https:\/\/immigrationeu.fr\/wp-content\/uploads\/2020\/10\/immigration-to-switzerland.png\" width=\"1000\"  height=\"700\" alt=\"Front Image\" \/><\/a><div class=\"content\"><div class=\"inner-content\"><h2>INMIGRACI\u00d3N EN SUIZA<\/h2><p><\/p><\/div><\/div><\/div><\/div>[vc_column_text css=\u00bb.vc_custom_1604673874490{margin-bottom: 0px !important;padding-top: 16px !important;padding-bottom: 16px !important;background-color: #14274e !important;}\u00bb el_id=\u00bbhm_box\u00bb]<\/p>\n<h3 style=\"font-size: 20px; line-height: 26px; margin-top: 0px; text-align: center;\"><a href=\"\/es\/suiza\/\"><span style=\"color: #f2f2f2;\">INMIGRACI\u00d3N EN SUIZA<\/span><\/a><\/h3>\n<p>[\/vc_column_text][\/vc_column][\/vc_row][vc_row full_width=\u00bbstretch_row_content\u00bb][vc_column width=\u00bb1\/3&#8243; css=\u00bb.vc_custom_1562687424335{margin-bottom: 25px !important;}\u00bb]<div id=\"nitro_custom_css_1593927146\" class=\"image-banner tc text style-1\"><div class=\"pr oh cs-12 cxs-12\"><a href=\"\/es\/malta\/\" class=\"dt oh pr cxs-12 cs-12\"><img class=\"front ts-04 cxs-12 cs-12\" src=\"https:\/\/immigrationeu.fr\/wp-content\/uploads\/2020\/10\/malta.png\" width=\"1000\"  height=\"700\" alt=\"Front Image\" \/><\/a><div class=\"content\"><div class=\"inner-content\"><h2>CIUDADAN\u00cdA DE MALTA<\/h2><p><\/p><\/div><\/div><\/div><\/div>[vc_column_text css=\u00bb.vc_custom_1604673881530{margin-bottom: 0px !important;padding-top: 16px !important;padding-bottom: 16px !important;background-color: #14274e !important;}\u00bb el_id=\u00bbhm_box\u00bb]<\/p>\n<h3 style=\"font-size: 20px; line-height: 26px; margin-top: 0px; text-align: center;\"><a href=\"\/es\/malta\/\"><span style=\"color: #f2f2f2;\">CIUDADAN\u00cdA DE MALTA<\/span><\/a><\/h3>\n<p>[\/vc_column_text][\/vc_column][vc_column width=\u00bb1\/3&#8243; css=\u00bb.vc_custom_1562428946817{margin-bottom: 25px !important;}\u00bb]<div id=\"nitro_custom_css_615669914\" class=\"image-banner tc text style-1\"><div class=\"pr oh cs-12 cxs-12\"><a href=\"\/es\/inmigracion-en-austria\/\" class=\"dt oh pr cxs-12 cs-12\"><img class=\"front ts-04 cxs-12 cs-12\" src=\"https:\/\/immigrationeu.fr\/wp-content\/uploads\/2020\/12\/Austria-home.jpg\" width=\"1000\"  height=\"700\" alt=\"Front Image\" \/><\/a><div class=\"content\"><div class=\"inner-content\"><h2>INMIGRACION EN AUSTRIA<\/h2><p><\/p><\/div><\/div><\/div><\/div>[vc_column_text css=\u00bb.vc_custom_1605149068737{margin-top: -1px !important;margin-bottom: 0px !important;padding-top: 16px !important;padding-bottom: 16px !important;background-color: #14274e !important;}\u00bb el_id=\u00bbhm_box\u00bb]<\/p>\n<h3 style=\"font-size: 20px; line-height: 26px; margin-top: 0px; text-align: center;\"><a href=\"\/es\/inmigracion-en-austria\/\"><span style=\"color: #f2f2f2;\">INMIGRACION EN AUSTRIA<\/span><\/a><\/h3>\n<p>[\/vc_column_text][\/vc_column][vc_column width=\u00bb1\/3&#8243; css=\u00bb.vc_custom_1562428952473{margin-bottom: 25px !important;}\u00bb]<div id=\"nitro_custom_css_651238145\" class=\"image-banner tc text style-1\"><div class=\"pr oh cs-12 cxs-12\"><a href=\"\/es\/italia\/\" class=\"dt oh pr cxs-12 cs-12\"><img class=\"front ts-04 cxs-12 cs-12\" src=\"https:\/\/immigrationeu.fr\/wp-content\/uploads\/2020\/10\/immigration-to-italy.png\" width=\"1000\"  height=\"700\" alt=\"Front Image\" \/><\/a><div class=\"content\"><div class=\"inner-content\"><h2>INMIGRACION A ITALIA<\/h2><p><\/p><\/div><\/div><\/div><\/div>[vc_column_text css=\u00bb.vc_custom_1604673894757{margin-bottom: 0px !important;padding-top: 16px !important;padding-bottom: 16px !important;background-color: #14274e !important;}\u00bb el_id=\u00bbhm_box\u00bb]<\/p>\n<h3 style=\"font-size: 20px; line-height: 26px; margin-top: 0px; text-align: center;\"><a href=\"\/es\/italia\/\"><span style=\"color: #f2f2f2;\">INMIGRACION A ITALIA<\/span><\/a><\/h3>\n<p>[\/vc_column_text][\/vc_column][\/vc_row][vc_row full_width=\u00bbstretch_row\u00bb css=\u00bb.vc_custom_1602705186376{background-color: #dfe8ec !important;}\u00bb][vc_column][vc_empty_space][vc_row_inner disable_element=\u00bbyes\u00bb][vc_column_inner][vc_custom_heading text=\u00bbOur company is a collective of many experts in immigration around Europe.\u00bb font_container=\u00bbtag:h2|font_size:30px|text_align:center|color:%23333333|line_height:36px\u00bb use_theme_fonts=\u00bbyes\u00bb][\/vc_column_inner][\/vc_row_inner][vc_column_text]<\/p>\n<h4 style=\"text-align: center;\"><span style=\"color: #000000;\"><strong><span style=\"font-family: Raleway;\">Nuestra empresa es un colectivo de varios expertos en inmigraci\u00f3n en toda Europa.<\/span><\/strong><\/span><\/h4>\n<p>[\/vc_column_text][vc_column_text css=\u00bb.vc_custom_1606236046857{margin-right: 30px !important;margin-left: 30px !important;padding-bottom: 30px !important;}\u00bb]<\/p>\n<p style=\"font-size: 16px; line-height: 20px; text-align: center;\"><span style=\"color: #333333;\"><img class=\"alignleft wp-image-2337\" src=\"https:\/\/immigrationeu.fr\/wp-content\/uploads\/2020\/10\/passport-visa.png\" alt=\"\" width=\"226\" height=\"179\" \/><\/span><\/p>\n<p>&nbsp;<\/p>\n<p>De todas las personas involucradas en la creaci\u00f3n de este sitio, ninguno es ajeno al mundo de la inmigraci\u00f3n; contamos con especialistas y profesionales de una amplia gama de sectores: jur\u00eddico, financiero, inmobiliario y muchos m\u00e1s. Estamos preparados para ayudarle en cualquiera de las necesidades que pueda tener relacionadas con su inmigraci\u00f3n u obtenci\u00f3n de residencia permanente.<span class=\"Apple-converted-space\">\u00a0<\/span><span style=\"color: #333333;\"> <a href=\"\/es\/sobre-nosotros\/\">LEER MAS<\/a><\/span>[\/vc_column_text][vc_empty_space height=\u00bb55px\u00bb][\/vc_column][\/vc_row][vc_row full_width=\u00bbstretch_row\u00bb content_placement=\u00bbmiddle\u00bb css=\u00bb.vc_custom_1602103953680{margin-bottom: 25px !important;padding-top: 7% !important;padding-bottom: 7% !important;background-position: center !important;background-repeat: no-repeat !important;background-size: cover !important;}\u00bb el_class=\u00bbf_btn_home\u00bb][vc_column width=\u00bb1\/4&#8243;][vc_icon icon_fontawesome=\u00bbfa fa-envelope\u00bb color=\u00bbcustom\u00bb size=\u00bbxl\u00bb align=\u00bbcenter\u00bb custom_color=\u00bb#14274e\u00bb]<div id=\"nitro_custom_css_904661827\" class=\"sc-button zoom tc\"><a href=\"\/es\/consulta\/\" title=\"\" target=\"_self\"><span>CONS\u00daLTANOS<\/span><\/a><\/div>[\/vc_column][vc_column width=\u00bb1\/4&#8243;][vc_icon icon_fontawesome=\u00bbfa fa-phone-square\u00bb color=\u00bbcustom\u00bb size=\u00bbxl\u00bb align=\u00bbcenter\u00bb custom_color=\u00bb#14274e\u00bb]<div id=\"nitro_custom_css_703382286\" class=\"sc-button zoom tc\"><a href=\"\/es\/contactenos\/\" title=\"\" target=\"_self\"><span>CONT\u00c1CTENOS<\/span><\/a><\/div>[\/vc_column][vc_column width=\u00bb1\/4&#8243;][vc_icon icon_fontawesome=\u00bbfa fa-skype\u00bb color=\u00bbcustom\u00bb size=\u00bbxl\u00bb align=\u00bbcenter\u00bb custom_color=\u00bb#14274e\u00bb][vc_column_text el_id=\u00bbskyp_btn\u00bb el_class=\u00bbzoom\u00bb]<\/p>\n<p style=\"text-align: center;\"><a href=\"skype:linimex?call\">SKYPE<\/a><\/p>\n<p>[\/vc_column_text][\/vc_column][vc_column width=\u00bb1\/4&#8243;][vc_icon icon_fontawesome=\u00bbfa fa-file-text\u00bb color=\u00bbcustom\u00bb size=\u00bbxl\u00bb align=\u00bbcenter\u00bb custom_color=\u00bb#14274e\u00bb]<div id=\"nitro_custom_css_971173575\" class=\"sc-button zoom tc\"><a href=\"\/documents\/\" title=\"\" target=\"_self\"><span>DOCUMENTOS<\/span><\/a><\/div>[\/vc_column][\/vc_row][vc_row full_width=\u00bbstretch_row\u00bb css=\u00bb.vc_custom_1602705250788{background-color: #dfe8ec !important;}\u00bb][vc_column][vc_empty_space][vc_custom_heading text=\u00bbTestimonials\u00bb font_container=\u00bbtag:h2|font_size:30px|text_align:center|color:%23333333|line_height:36px\u00bb use_theme_fonts=\u00bbyes\u00bb][vc_empty_space]<div class=\"sc-testimonials oh tstm top style-1 tc wr-nitro-carousel\" data-owl-options='{&quot;items&quot;: &quot;3&quot;, &quot;autoplay&quot;: &quot;true&quot;, &quot;autoplayTimeout&quot;: &quot;5000&quot;, &quot;dots&quot;: &quot;true&quot;}'><div class=\"testimonial-item cs-12 cxs-12 cm-4\"><div class=\"avatar mgb30 dib\"><img src=\"https:\/\/immigrationeu.fr\/wp-content\/uploads\/2020\/10\/user.png\" alt=\"Linda\" class=\"br-50\" width=\"70\" height=\"70\" \/><\/div><div class=\"content\"><p>Thank you all for making this stage happen and for getting the first stage approval for my husband, Kevin, to sponsor me. I look forward to completing the next stage in the very near future.<\/p><\/div><div class=\"author mgt20\"><h5 class=\"name dib\">Linda<\/h5><\/div><\/div><div class=\"testimonial-item cs-12 cxs-12 cm-4\"><div class=\"avatar mgb30 dib\"><img src=\"https:\/\/immigrationeu.fr\/wp-content\/uploads\/2020\/10\/user.png\" alt=\"Anthony\" class=\"br-50\" width=\"70\" height=\"70\" \/><\/div><div class=\"content\"><p>Just a note to tell you thank you so much for all the information and detailed explanation. I appreciate the information.<\/p><\/div><div class=\"author mgt20\"><h5 class=\"name dib\">Anthony<\/h5><\/div><\/div><\/div>[vc_column_text]<\/p>\n<p style=\"text-align: center;\"><a href=\"\/testimonials\/\">M\u00c1S COMENTARIOS<\/a><\/p>\n<p>[\/vc_column_text][\/vc_column][\/vc_row][vc_row full_width=\u00bbstretch_row\u00bb background_position=\u00bbright top\u00bb css=\u00bb.vc_custom_1602114698511{padding-top: 40px !important;padding-bottom: 20px !important;background-color: #14274e !important;background-position: center !important;background-repeat: no-repeat !important;background-size: cover !important;}\u00bb][vc_column width=\u00bb1\/4&#8243; css=\u00bb.vc_custom_1562383084786{margin-bottom: 30px !important;}\u00bb][vc_widget_sidebar sidebar_id=\u00bbnitro-sidebar-51&#8243;][\/vc_column][vc_column width=\u00bb1\/3&#8243; css=\u00bb.vc_custom_1562383090392{margin-bottom: 30px !important;}\u00bb][vc_widget_sidebar sidebar_id=\u00bbnitro-sidebar-52&#8243;][\/vc_column][vc_column width=\u00bb1\/3&#8243; css=\u00bb.vc_custom_1562383096710{margin-bottom: 30px !important;}\u00bb][vc_widget_sidebar sidebar_id=\u00bbnitro-sidebar-53&#8243;][\/vc_column][\/vc_row][vc_row full_width=\u00bbstretch_row\u00bb content_placement=\u00bbmiddle\u00bb css=\u00bb.vc_custom_1606925812237{background-color: #f8f9fa !important;}\u00bb][vc_column width=\u00bb1\/2&#8243;][vc_column_text css=\u00bb.vc_custom_1606926041350{margin-top: 0px !important;margin-bottom: 0px !important;}\u00bb]\n<div class=\"wpml-ls-statics-footer wpml-ls wpml-ls-legacy-list-horizontal\">\n\t<ul><li class=\"wpml-ls-slot-footer wpml-ls-item wpml-ls-item-es wpml-ls-current-language wpml-ls-item-legacy-list-horizontal\">\n\t\t\t\t<a href=\"https:\/\/immigrationeu.fr\/es\/\" class=\"wpml-ls-link\">\n                                                        <img\n            class=\"wpml-ls-flag\"\n            src=\"https:\/\/immigrationeu.fr\/wp-content\/plugins\/sitepress-multilingual-cms\/res\/flags\/es.png\"\n            alt=\"\"\n            width=18\n            height=12\n    \/><span class=\"wpml-ls-native\">Espa\u00f1ol<\/span><\/a>\n\t\t\t<\/li><li class=\"wpml-ls-slot-footer wpml-ls-item wpml-ls-item-en wpml-ls-first-item wpml-ls-item-legacy-list-horizontal\">\n\t\t\t\t<a href=\"https:\/\/immigrationeu.fr\" class=\"wpml-ls-link\">\n                                                        <img\n            class=\"wpml-ls-flag\"\n            src=\"https:\/\/immigrationeu.fr\/wp-content\/plugins\/sitepress-multilingual-cms\/res\/flags\/en.png\"\n            alt=\"\"\n            width=18\n            height=12\n    \/><span class=\"wpml-ls-native\" lang=\"en\">English<\/span><\/a>\n\t\t\t<\/li><li class=\"wpml-ls-slot-footer wpml-ls-item wpml-ls-item-fr wpml-ls-item-legacy-list-horizontal\">\n\t\t\t\t<a href=\"https:\/\/immigrationeu.fr\/fr\/\" class=\"wpml-ls-link\">\n                                                        <img\n            class=\"wpml-ls-flag\"\n            src=\"https:\/\/immigrationeu.fr\/wp-content\/plugins\/sitepress-multilingual-cms\/res\/flags\/fr.png\"\n            alt=\"\"\n            width=18\n            height=12\n    \/><span class=\"wpml-ls-native\" lang=\"fr\">Fran\u00e7ais<\/span><\/a>\n\t\t\t<\/li><li class=\"wpml-ls-slot-footer wpml-ls-item wpml-ls-item-ru wpml-ls-item-legacy-list-horizontal\">\n\t\t\t\t<a href=\"https:\/\/immigrationeu.fr\/ru\/\" class=\"wpml-ls-link\">\n                                                        <img\n            class=\"wpml-ls-flag\"\n            src=\"https:\/\/immigrationeu.fr\/wp-content\/plugins\/sitepress-multilingual-cms\/res\/flags\/ru.png\"\n            alt=\"\"\n            width=18\n            height=12\n    \/><span class=\"wpml-ls-native\" lang=\"ru\">\u0420\u0443\u0441\u0441\u043a\u0438\u0439<\/span><\/a>\n\t\t\t<\/li><li class=\"wpml-ls-slot-footer wpml-ls-item wpml-ls-item-cn wpml-ls-last-item wpml-ls-item-legacy-list-horizontal\">\n\t\t\t\t<a href=\"https:\/\/immigrationeu.fr\/cn\/\" class=\"wpml-ls-link\">\n                                                        <img\n            class=\"wpml-ls-flag\"\n            src=\"https:\/\/immigrationeu.fr\/wp-content\/uploads\/flags\/cn.png\"\n            alt=\"\"\n            width=18\n            height=12\n    \/><span class=\"wpml-ls-native\" lang=\"cn\">Chinese <\/span><\/a>\n\t\t\t<\/li><\/ul>\n<\/div>\n[\/vc_column_text][\/vc_column][vc_column width=\u00bb1\/2&#8243;][vc_widget_sidebar sidebar_id=\u00bbnitro-sidebar-54&#8243;][\/vc_column][\/vc_row]<\/p>\n","protected":false},"excerpt":{"rendered":"<p>[vc_row full_width=\u00bbstretch_row_content\u00bb css=\u00bb.vc_custom_1562429724054{margin-top: 30px !important;}\u00bb][vc_column width=\u00bb1\/3&#8243; css=\u00bb.vc_custom_1562428924378{margin-bottom: 25px !important;}\u00bb][vc_column_text css=\u00bb.vc_custom_1604673855969{margin-bottom: 0px !important;padding-top: 16px !important;padding-bottom: 16px !important;background-color: #14274e !important;}\u00bb el_id=\u00bbhm_box\u00bb] INMIGRACI\u00d3N EN FRANCIA [\/vc_column_text][\/vc_column][vc_column width=\u00bb1\/3&#8243; css=\u00bb.vc_custom_1562428929774{margin-bottom: 25px !important;}\u00bb][vc_column_text css=\u00bb.vc_custom_1604673862458{margin-bottom: 0px !important;padding-top: 16px !important;padding-bottom: 16px !important;background-color: #14274e !important;}\u00bb el_id=\u00bbhm_box\u00bb] INMIGRACI\u00d3N A M\u00d3NACO [\/vc_column_text][\/vc_column][vc_column width=\u00bb1\/3&#8243; css=\u00bb.vc_custom_1562428935620{margin-bottom: 25px !important;}\u00bb][vc_column_text css=\u00bb.vc_custom_1604673874490{margin-bottom: 0px !important;padding-top: 16px !important;padding-bottom: 16px !important;background-color: #14274e !important;}\u00bb el_id=\u00bbhm_box\u00bb] [&hellip;]<\/p>\n","protected":false},"author":1,"featured_media":0,"parent":0,"menu_order":0,"comment_status":"closed","ping_status":"open","template":"","meta":[],"yoast_head":"<!-- This site is optimized with the Yoast SEO plugin v16.1.1 - https:\/\/yoast.com\/wordpress\/plugins\/seo\/ -->\n<title>Inicio - Immigration EU<\/title>\n<link rel=\"canonical\" href=\"https:\/\/immigrationeu.fr\/es\/inicio\/\" \/>\n<meta property=\"og:locale\" content=\"es_ES\" \/>\n<meta property=\"og:type\" content=\"article\" \/>\n<meta property=\"og:title\" content=\"Inicio - Immigration EU\" \/>\n<meta property=\"og:description\" content=\"[vc_row full_width=\u00bbstretch_row_content\u00bb css=\u00bb.vc_custom_1562429724054{margin-top: 30px !important;}\u00bb][vc_column width=\u00bb1\/3&#8243; css=\u00bb.vc_custom_1562428924378{margin-bottom: 25px !important;}\u00bb][vc_column_text css=\u00bb.vc_custom_1604673855969{margin-bottom: 0px !important;padding-top: 16px !important;padding-bottom: 16px !important;background-color: #14274e !important;}\u00bb el_id=\u00bbhm_box\u00bb] INMIGRACI\u00d3N EN FRANCIA [\/vc_column_text][\/vc_column][vc_column width=\u00bb1\/3&#8243; css=\u00bb.vc_custom_1562428929774{margin-bottom: 25px !important;}\u00bb][vc_column_text css=\u00bb.vc_custom_1604673862458{margin-bottom: 0px !important;padding-top: 16px !important;padding-bottom: 16px !important;background-color: #14274e !important;}\u00bb el_id=\u00bbhm_box\u00bb] INMIGRACI\u00d3N A M\u00d3NACO [\/vc_column_text][\/vc_column][vc_column width=\u00bb1\/3&#8243; css=\u00bb.vc_custom_1562428935620{margin-bottom: 25px !important;}\u00bb][vc_column_text css=\u00bb.vc_custom_1604673874490{margin-bottom: 0px !important;padding-top: 16px !important;padding-bottom: 16px !important;background-color: #14274e !important;}\u00bb el_id=\u00bbhm_box\u00bb] [&hellip;]\" \/>\n<meta property=\"og:url\" content=\"https:\/\/immigrationeu.fr\/es\/inicio\/\" \/>\n<meta property=\"og:site_name\" content=\"Immigration EU\" \/>\n<meta property=\"article:modified_time\" content=\"2020-12-03T01:28:11+00:00\" \/>\n<meta property=\"og:image\" content=\"https:\/\/immigrationeu.fr\/wp-content\/uploads\/2020\/10\/passport-visa.png\" \/>\n<meta name=\"twitter:card\" content=\"summary_large_image\" \/>\n<meta name=\"twitter:label1\" content=\"Tiempo de lectura\">\n\t<meta name=\"twitter:data1\" content=\"6 minutos\">\n<script type=\"application\/ld+json\" class=\"yoast-schema-graph\">{\"@context\":\"https:\/\/schema.org\",\"@graph\":[{\"@type\":\"WebSite\",\"@id\":\"https:\/\/immigrationeu.fr\/#website\",\"url\":\"https:\/\/immigrationeu.fr\/\",\"name\":\"Immigration EU\",\"description\":\"\",\"potentialAction\":[{\"@type\":\"SearchAction\",\"target\":\"https:\/\/immigrationeu.fr\/?s={search_term_string}\",\"query-input\":\"required name=search_term_string\"}],\"inLanguage\":\"es\"},{\"@type\":\"ImageObject\",\"@id\":\"https:\/\/immigrationeu.fr\/es\/inicio\/#primaryimage\",\"inLanguage\":\"es\",\"url\":\"https:\/\/immigrationeu.fr\/wp-content\/uploads\/2020\/10\/passport-visa.png\",\"contentUrl\":\"https:\/\/immigrationeu.fr\/wp-content\/uploads\/2020\/10\/passport-visa.png\",\"width\":300,\"height\":238},{\"@type\":\"WebPage\",\"@id\":\"https:\/\/immigrationeu.fr\/es\/inicio\/#webpage\",\"url\":\"https:\/\/immigrationeu.fr\/es\/inicio\/\",\"name\":\"Inicio - Immigration EU\",\"isPartOf\":{\"@id\":\"https:\/\/immigrationeu.fr\/#website\"},\"primaryImageOfPage\":{\"@id\":\"https:\/\/immigrationeu.fr\/es\/inicio\/#primaryimage\"},\"datePublished\":\"2019-07-15T03:37:28+00:00\",\"dateModified\":\"2020-12-03T01:28:11+00:00\",\"breadcrumb\":{\"@id\":\"https:\/\/immigrationeu.fr\/es\/inicio\/#breadcrumb\"},\"inLanguage\":\"es\",\"potentialAction\":[{\"@type\":\"ReadAction\",\"target\":[\"https:\/\/immigrationeu.fr\/es\/inicio\/\"]}]},{\"@type\":\"BreadcrumbList\",\"@id\":\"https:\/\/immigrationeu.fr\/es\/inicio\/#breadcrumb\",\"itemListElement\":[{\"@type\":\"ListItem\",\"position\":1,\"item\":{\"@type\":\"WebPage\",\"@id\":\"https:\/\/immigrationeu.fr\/es\/inicio\/\",\"url\":\"https:\/\/immigrationeu.fr\/es\/inicio\/\",\"name\":\"Home\"}},{\"@type\":\"ListItem\",\"position\":2,\"item\":{\"@type\":\"WebPage\",\"@id\":\"https:\/\/immigrationeu.fr\/es\/inicio\/\",\"url\":\"https:\/\/immigrationeu.fr\/es\/inicio\/\",\"name\":\"Inicio\"}}]}]}<\/script>\n<!-- \/ Yoast SEO plugin. -->","_links":{"self":[{"href":"https:\/\/immigrationeu.fr\/es\/wp-json\/wp\/v2\/pages\/1121"}],"collection":[{"href":"https:\/\/immigrationeu.fr\/es\/wp-json\/wp\/v2\/pages"}],"about":[{"href":"https:\/\/immigrationeu.fr\/es\/wp-json\/wp\/v2\/types\/page"}],"author":[{"embeddable":true,"href":"https:\/\/immigrationeu.fr\/es\/wp-json\/wp\/v2\/users\/1"}],"replies":[{"embeddable":true,"href":"https:\/\/immigrationeu.fr\/es\/wp-json\/wp\/v2\/comments?post=1121"}],"version-history":[{"count":21,"href":"https:\/\/immigrationeu.fr\/es\/wp-json\/wp\/v2\/pages\/1121\/revisions"}],"predecessor-version":[{"id":3275,"href":"https:\/\/immigrationeu.fr\/es\/wp-json\/wp\/v2\/pages\/1121\/revisions\/3275"}],"wp:attachment":[{"href":"https:\/\/immigrationeu.fr\/es\/wp-json\/wp\/v2\/media?parent=1121"}],"curies":[{"name":"wp","href":"https:\/\/api.w.org\/{rel}","templated":true}]}}