{"id":1570,"date":"2019-07-24T01:11:50","date_gmt":"2019-07-24T01:11:50","guid":{"rendered":"https:\/\/immigrationeu.fr\/?page_id=1570"},"modified":"2019-08-16T04:03:39","modified_gmt":"2019-08-16T04:03:39","slug":"monaco-inmigracion-para-jubilados","status":"publish","type":"page","link":"https:\/\/immigrationeu.fr\/es\/monaco-inmigracion-para-jubilados\/","title":{"rendered":"M\u00f3naco: Inmigraci\u00f3n para jubilados"},"content":{"rendered":"<p>[vc_row full_width=\u00bbstretch_row\u00bb content_placement=\u00bbtop\u00bb background_position=\u00bbcenter center\u00bb css=\u00bb.vc_custom_1562167874882{padding-top: 80px !important;padding-bottom: 80px !important;background-image: url(https:\/\/immigrationeu.fr\/wp-content\/uploads\/2019\/07\/monaco-header.jpg?id=253) !important;background-position: center !important;background-repeat: no-repeat !important;background-size: cover !important;}\u00bb][vc_column width=\u00bb1\/6&#8243;][\/vc_column][vc_column width=\u00bb2\/3&#8243; css=\u00bb.vc_custom_1561305594558{background-color: rgba(20,39,78,0.51) !important;*background-color: rgb(104,0,0) !important;}\u00bb][vc_custom_heading text=\u00bbINMIGRACI\u00d3N PARA JUBILADOS\u00bb font_container=\u00bbtag:h1|font_size:30px|text_align:center|color:%23ffffff|line_height:32px\u00bb use_theme_fonts=\u00bbyes\u00bb css=\u00bb.vc_custom_1563930697091{margin-bottom: 0px !important;}\u00bb][vc_custom_heading text=\u00bbM\u00d3NACO\u00bb font_container=\u00bbtag:h2|font_size:20px|text_align:center|color:%23ffffff|line_height:20px\u00bb use_theme_fonts=\u00bbyes\u00bb css=\u00bb.vc_custom_1563930704490{margin-bottom: 30px !important;}\u00bb][\/vc_column][vc_column width=\u00bb1\/6&#8243;][\/vc_column][\/vc_row][vc_row full_width=\u00bbstretch_row_content\u00bb css=\u00bb.vc_custom_1562694247586{background-color: #f8f9fa !important;}\u00bb][vc_column width=\u00bb3\/4&#8243; offset=\u00bbvc_hidden-sm vc_hidden-xs\u00bb][vc_tta_tour shape=\u00bbsquare\u00bb spacing=\u00bb\u00bb active_section=\u00bb1&#8243; el_id=\u00bbbox_shadow\u00bb][vc_tta_section title=\u00bbMISSION\u00bb tab_id=\u00bb1561305738645-98d425ea-d949&#8243;][vc_column_text]We will be pleased to answer and discuss any concerns you may have on the immigration process to Monaco.[\/vc_column_text][\/vc_tta_section][vc_tta_section title=\u00bbACTS AND REGULATIONS\u00bb tab_id=\u00bb1561305738668-966bda40-038f\u00bb][vc_column_text]<\/p>\n<ul>\n<li><em>Loi n.\u00a01.155\u00a0du 18\/12\/1992 relative a la nationalite Monegasque;<\/em><\/li>\n<li><em>Loi n.\u00a01.276\u00a0du 22\/12\/2003 modifiant la loi n.1.155 du 18\/12\/1992 relative a la nationalite Monegasques.<\/em><\/li>\n<\/ul>\n<p>[\/vc_column_text][\/vc_tta_section][vc_tta_section title=\u00bbCONDITIONS\u00bb tab_id=\u00bb1561305775229-9aee0eee-64bc\u00bb][vc_column_text]<\/p>\n<ol>\n<li>To be an ordinary resident in Monaco for at least ten (10) years;<\/li>\n<li>To have a good knowledge of French language;<\/li>\n<li>Well integrate into the economic, social and culture life of the Principality of Monaco;<\/li>\n<li>To be deem worthy of his\/her favour by the Sovereign Prince;<\/li>\n<li>To be\u00a0exempt from military service obligations in the country of origin;<\/li>\n<li>To renounce his\/her previous citizenship.<\/li>\n<\/ol>\n<p>[\/vc_column_text][\/vc_tta_section][vc_tta_section title=\u00bbAPPLICATION PACKAGE\u00bb tab_id=\u00bb1561305799871-267cfd00-8939&#8243;][vc_column_text]<\/p>\n<ol>\n<li>Applications;<\/li>\n<li>Passport;<\/li>\n<li>Residence permit and certificate of residence;<\/li>\n<li>Birth and marriage (if applicable) certificates;<\/li>\n<li>Proof of knowledge of French language; Confirmation documents regarding integration into the social, culture and economic life,<\/li>\n<li>Police certificate.<\/li>\n<\/ol>\n<p>[\/vc_column_text][\/vc_tta_section][vc_tta_section title=\u00bbPROCESS\u00bb tab_id=\u00bb1561305810183-6299b346-1d06&#8243;][vc_column_text]<\/p>\n<ol>\n<li>Consultation and a period of questions concerning immigration and citizenship process in Monaco;<\/li>\n<li>Preparation of an application file;<\/li>\n<li>Submit the file\u00a0to the Department of Justice who is responsible for examination applications for naturalisation;<\/li>\n<li>The applicant must be exempt from military service obligation in his\/her country of origin and present confirmation;<\/li>\n<li>The applicant must renounce his\/her previous nationality and show documentation;<\/li>\n<li>During the examination phase the Department of Justice will contact the Minister of State and other Monegasque and France authorities than presents a report to H.S.H.the Sovereign Prince;<\/li>\n<li>H.S.H. the Sovereign Prince take the final decision;<\/li>\n<li>If the application is favorable, the decision will be published on official\u00a0<em>Journal;<\/em><\/li>\n<li>You will be invited to a citizenship ceremony and\u00a0will receive your certificate of naturalization.<\/li>\n<\/ol>\n<p>[\/vc_column_text][\/vc_tta_section][vc_tta_section title=\u00bbFAMILY MEMBERS\u00bb tab_id=\u00bb1561305831505-5d919408-fa45&#8243;][vc_column_text]Children under 18 years old are included in the citizenship application and will obtain Andorran citizenship.[\/vc_column_text][\/vc_tta_section][vc_tta_section title=\u00bbADDITIONAL INFORMATION\u00bb tab_id=\u00bb1561305820989-76c8c51c-fd6f\u00bb][vc_column_text]<\/p>\n<ol>\n<li>H.S.H. the Sovereign Prince may, however, grant a dispensation concerning the residency requirement.<\/li>\n<li>The spouse of a Monegasque national can acquire Monegasque citizenship by declaration ten (10) years after the date of marriage. The spouse of Monegasque national\u00a0does not does not lose the original nationality.<\/li>\n<li>Any child born to a Monegasque father is Monegasque automatically.<\/li>\n<li>\u00a0A person is considered to hold full Monegasque nationality from the date of their birth if:\n<ol>\n<li>The mother was born Monegasque and remains so on the date of the birth and has at least one ancestor from Monaco;<\/li>\n<li>The mother acquired Monegasque nationality through naturalisztion, reinstatement or declaration by choice;<\/li>\n<li>The mother acquired Monegasque nationality by declaration following a simple adoption.<\/li>\n<\/ol>\n<\/li>\n<\/ol>\n<p>[\/vc_column_text][\/vc_tta_section][vc_tta_section title=\u00bbOUR SERVICES\u00bb tab_id=\u00bb1561306221129-bf258d30-841a\u00bb][vc_column_text]<\/p>\n<ol>\n<li>Residence\u00a0permit in Monaco\u00a0for wealthy individual;<\/li>\n<li>Residence\u00a0permit in Monaco\u00a0for entrepreneurs;<\/li>\n<li>Residence\u00a0permit in Monaco for pensioners;<\/li>\n<li><a href=\"https:\/\/immigrationeu.com\/en\/business\/business-in-monaco\/\" target=\"_blank\" rel=\"noopener noreferrer\">Se<\/a>t<a href=\"https:\/\/immigrationeu.com\/en\/business\/business-in-monaco\/\" target=\"_blank\" rel=\"noopener noreferrer\">\u00a0up<\/a>\u00a0a company, business and financial plans;<\/li>\n<li>Assistance in: open a bank account, medical insurance coverage, enroll children to a school, exchange of driver\u2019s license, etc.;<\/li>\n<li>Legal service in corporate, banking,\u00a0<a href=\"https:\/\/immigrationeu.com\/en\/immigration\/immigration-to-monaco\/\" target=\"_blank\" rel=\"noopener noreferrer\">immigration\u00a0<\/a>and administration law;<\/li>\n<li>Renting \/ buying a property in Monaco;<\/li>\n<li>Renewal of residence permits in Monaco;<\/li>\n<li>Application for permanent residency in Monaco;<\/li>\n<li>Application for\u00a0Citizenship\u00a0of Monaco.<\/li>\n<\/ol>\n<p><em><strong>Start your immigration procedure with\u00a0us.<\/strong><\/em>[\/vc_column_text][\/vc_tta_section][\/vc_tta_tour][vc_row_inner el_id=\u00bbbox_shadow\u00bb css=\u00bb.vc_custom_1565921267875{margin-right: 0px !important;margin-bottom: 25px !important;margin-left: 0px !important;padding-top: 20px !important;}\u00bb][vc_column_inner width=\u00bb2\/3&#8243; css=\u00bb.vc_custom_1565920961366{padding-left: 20px !important;}\u00bb][vc_widget_sidebar sidebar_id=\u00bbnitro-sidebar-44&#8243;][\/vc_column_inner][vc_column_inner width=\u00bb1\/3&#8243;][vc_widget_sidebar sidebar_id=\u00bbnitro-sidebar-45&#8243; el_class=\u00bbzoom\u00bb][\/vc_column_inner][\/vc_row_inner][vc_row_inner css=\u00bb.vc_custom_1565622809612{margin-right: 0px !important;margin-left: 0px !important;padding-top: 20px !important;padding-bottom: 20px !important;}\u00bb el_id=\u00bbbox_shadow\u00bb][vc_column_inner width=\u00bb2\/3&#8243; css=\u00bb.vc_custom_1565921679535{padding-left: 20px !important;}\u00bb][vc_widget_sidebar sidebar_id=\u00bbnitro-sidebar-46&#8243;][\/vc_column_inner][vc_column_inner width=\u00bb1\/3&#8243;]<div id=\"nitro_custom_css_1098169341\" class=\"sc-button zoom tc\"><a href=\"https:\/\/immigrationeu.fr\/wp-content\/uploads\/2019\/08\/immigration-to-france.pdf\" title=\"\" target=\"_blank\"><span>PDF<\/span><\/a><\/div>[\/vc_column_inner][\/vc_row_inner][\/vc_column][vc_column width=\u00bb1\/4&#8243; offset=\u00bbvc_hidden-sm vc_hidden-xs\u00bb][vc_row_inner][vc_column_inner][vc_widget_sidebar sidebar_id=\u00bbnitro-sidebar-9&#8243; el_id=\u00bbbox_shadow_padding\u00bb][\/vc_column_inner][vc_column_inner][vc_widget_sidebar sidebar_id=\u00bbnitro-sidebar-35&#8243; el_id=\u00bbbox_shadow_padding\u00bb][\/vc_column_inner][\/vc_row_inner][\/vc_column][\/vc_row][vc_row full_width=\u00bbstretch_row_content\u00bb css=\u00bb.vc_custom_1562694247586{background-color: #f8f9fa !important;}\u00bb][vc_column width=\u00bb3\/4&#8243; offset=\u00bbvc_hidden-lg vc_hidden-md\u00bb][vc_tta_accordion shape=\u00bbsquare\u00bb c_icon=\u00bb\u00bb active_section=\u00bb1&#8243; collapsible_all=\u00bbtrue\u00bb el_id=\u00bbbox_shadow_mobile\u00bb][vc_tta_section title=\u00bbMISSION\u00bb tab_id=\u00bb1562697137152-8ee6aa4e-7222&#8243;][vc_column_text]We will be pleased to answer and discuss any concerns you may have on the immigration process to Monaco.[\/vc_column_text][\/vc_tta_section][vc_tta_section title=\u00bbACTS AND REGULATIONS\u00bb tab_id=\u00bb1562697137172-a7037ab8-e832&#8243;][vc_column_text]<\/p>\n<ul>\n<li><em>Loi n.\u00a01.155\u00a0du 18\/12\/1992 relative a la nationalite Monegasque;<\/em><\/li>\n<li><em>Loi n.\u00a01.276\u00a0du 22\/12\/2003 modifiant la loi n.1.155 du 18\/12\/1992 relative a la nationalite Monegasques.<\/em><\/li>\n<\/ul>\n<p>[\/vc_column_text][\/vc_tta_section][vc_tta_section title=\u00bbCONDITIONS\u00bb tab_id=\u00bb1562697478109-b6eb483c-4425&#8243;][vc_column_text]<\/p>\n<ol>\n<li>To be an ordinary resident in Monaco for at least ten (10) years;<\/li>\n<li>To have a good knowledge of French language;<\/li>\n<li>Well integrate into the economic, social and culture life of the Principality of Monaco;<\/li>\n<li>To be deem worthy of his\/her favour by the Sovereign Prince;<\/li>\n<li>To be\u00a0exempt from military service obligations in the country of origin;<\/li>\n<li>To renounce his\/her previous citizenship.<\/li>\n<\/ol>\n<p>[\/vc_column_text][\/vc_tta_section][vc_tta_section title=\u00bbAPPLICATION PACKAGE\u00bb tab_id=\u00bb1562697544485-853111f1-d32a\u00bb][vc_column_text]<\/p>\n<ol>\n<li>Applications;<\/li>\n<li>Passport;<\/li>\n<li>Residence permit and certificate of residence;<\/li>\n<li>Birth and marriage (if applicable) certificates;<\/li>\n<li>Proof of knowledge of French language; Confirmation documents regarding integration into the social, culture and economic life,<\/li>\n<li>Police certificate.<\/li>\n<\/ol>\n<p>[\/vc_column_text][\/vc_tta_section][vc_tta_section title=\u00bbPROCESS\u00bb tab_id=\u00bb1562697583689-86f25be1-8fb5&#8243;][vc_column_text]<\/p>\n<ol>\n<li>Consultation and a period of questions concerning immigration and citizenship process in Monaco;<\/li>\n<li>Preparation of an application file;<\/li>\n<li>Submit the file\u00a0to the Department of Justice who is responsible for examination applications for naturalisation;<\/li>\n<li>The applicant must be exempt from military service obligation in his\/her country of origin and present confirmation;<\/li>\n<li>The applicant must renounce his\/her previous nationality and show documentation;<\/li>\n<li>During the examination phase the Department of Justice will contact the Minister of State and other Monegasque and France authorities than presents a report to H.S.H.the Sovereign Prince;<\/li>\n<li>H.S.H. the Sovereign Prince take the final decision;<\/li>\n<li>If the application is favorable, the decision will be published on official\u00a0<em>Journal;<\/em><\/li>\n<li>You will be invited to a citizenship ceremony and\u00a0will receive your certificate of naturalization.<\/li>\n<\/ol>\n<p>[\/vc_column_text][\/vc_tta_section][vc_tta_section title=\u00bbFAMILY MEMBERS\u00bb tab_id=\u00bb1562697643462-cbcc1802-7fdc\u00bb][vc_column_text]Children under 18 years old are included in the citizenship application and will obtain Andorran citizenship.[\/vc_column_text][\/vc_tta_section][vc_tta_section title=\u00bbADDITIONAL INFORMATION\u00bb tab_id=\u00bb1562697686841-9a23f51f-858e\u00bb][vc_column_text]<\/p>\n<ol>\n<li>H.S.H. the Sovereign Prince may, however, grant a dispensation concerning the residency requirement.<\/li>\n<li>The spouse of a Monegasque national can acquire Monegasque citizenship by declaration ten (10) years after the date of marriage. The spouse of Monegasque national\u00a0does not does not lose the original nationality.<\/li>\n<li>Any child born to a Monegasque father is Monegasque automatically.<\/li>\n<li>\u00a0A person is considered to hold full Monegasque nationality from the date of their birth if:\n<ol>\n<li>The mother was born Monegasque and remains so on the date of the birth and has at least one ancestor from Monaco;<\/li>\n<li>The mother acquired Monegasque nationality through naturalisztion, reinstatement or declaration by choice;<\/li>\n<li>The mother acquired Monegasque nationality by declaration following a simple adoption.<\/li>\n<\/ol>\n<\/li>\n<\/ol>\n<p>[\/vc_column_text][\/vc_tta_section][vc_tta_section title=\u00bbOUR SERVICES\u00bb tab_id=\u00bb1562822179155-adeaf79b-2136&#8243;][vc_column_text]<\/p>\n<ol>\n<li>Residence\u00a0permit in Monaco\u00a0for wealthy individual;<\/li>\n<li>Residence\u00a0permit in Monaco\u00a0for entrepreneurs;<\/li>\n<li>Residence\u00a0permit in Monaco for pensioners;<\/li>\n<li><a href=\"https:\/\/immigrationeu.com\/en\/business\/business-in-monaco\/\" target=\"_blank\" rel=\"noopener noreferrer\">Se<\/a>t<a href=\"https:\/\/immigrationeu.com\/en\/business\/business-in-monaco\/\" target=\"_blank\" rel=\"noopener noreferrer\">\u00a0up<\/a>\u00a0a company, business and financial plans;<\/li>\n<li>Assistance in: open a bank account, medical insurance coverage, enroll children to a school, exchange of driver\u2019s license, etc.;<\/li>\n<li>Legal service in corporate, banking,\u00a0<a href=\"https:\/\/immigrationeu.com\/en\/immigration\/immigration-to-monaco\/\" target=\"_blank\" rel=\"noopener noreferrer\">immigration\u00a0<\/a>and administration law;<\/li>\n<li>Renting \/ buying a property in Monaco;<\/li>\n<li>Renewal of residence permits in Monaco;<\/li>\n<li>Application for permanent residency in Monaco;<\/li>\n<li>Application for\u00a0Citizenship\u00a0of Monaco.<\/li>\n<\/ol>\n<p style=\"text-align: center;\"><em><strong>Start your immigration procedure with\u00a0us.<\/strong><\/em><\/p>\n<p>[\/vc_column_text][\/vc_tta_section][\/vc_tta_accordion][vc_row_inner css=\u00bb.vc_custom_1565921238901{margin-right: 0px !important;margin-bottom: 25px !important;padding-top: 20px !important;padding-bottom: 20px !important;}\u00bb el_id=\u00bbbox_shadow_mobile\u00bb][vc_column_inner width=\u00bb2\/3&#8243; css=\u00bb.vc_custom_1565921914633{padding-left: 20px !important;}\u00bb][vc_widget_sidebar sidebar_id=\u00bbnitro-sidebar-44&#8243;][\/vc_column_inner][vc_column_inner width=\u00bb1\/3&#8243;][vc_widget_sidebar sidebar_id=\u00bbnitro-sidebar-45&#8243; el_class=\u00bbzoom\u00bb][\/vc_column_inner][\/vc_row_inner][vc_row_inner css=\u00bb.vc_custom_1565623182091{margin-right: 0px !important;padding-top: 20px !important;padding-bottom: 20px !important;}\u00bb el_id=\u00bbbox_shadow_mobile\u00bb][vc_column_inner width=\u00bb2\/3&#8243; css=\u00bb.vc_custom_1565921922735{padding-left: 20px !important;}\u00bb][vc_widget_sidebar sidebar_id=\u00bbnitro-sidebar-46&#8243;][\/vc_column_inner][vc_column_inner width=\u00bb1\/3&#8243;]<div id=\"nitro_custom_css_1326056333\" class=\"sc-button zoom tc\"><a href=\"https:\/\/immigrationeu.fr\/wp-content\/uploads\/2019\/08\/immigration-to-france.pdf\" title=\"\" target=\"_blank\"><span>PDF<\/span><\/a><\/div>[\/vc_column_inner][\/vc_row_inner][\/vc_column][vc_column width=\u00bb1\/4&#8243; offset=\u00bbvc_hidden-lg vc_hidden-md\u00bb][vc_row_inner][vc_column_inner][vc_widget_sidebar sidebar_id=\u00bbnitro-sidebar-9&#8243; el_id=\u00bbbox_shadow_padding_mobile\u00bb][\/vc_column_inner][vc_column_inner][vc_widget_sidebar sidebar_id=\u00bbnitro-sidebar-35&#8243; el_id=\u00bbbox_shadow_padding_mobile\u00bb][\/vc_column_inner][\/vc_row_inner][\/vc_column][\/vc_row][vc_row full_width=\u00bbstretch_row\u00bb css=\u00bb.vc_custom_1563892470319{background-color: #f8f9fa !important;}\u00bb][vc_column][vc_widget_sidebar sidebar_id=\u00bbnitro-sidebar-43&#8243;][\/vc_column][\/vc_row]<\/p>\n","protected":false},"excerpt":{"rendered":"<p>[vc_row full_width=\u00bbstretch_row\u00bb content_placement=\u00bbtop\u00bb background_position=\u00bbcenter center\u00bb css=\u00bb.vc_custom_1562167874882{padding-top: 80px !important;padding-bottom: 80px !important;background-image: url(https:\/\/immigrationeu.fr\/wp-content\/uploads\/2019\/07\/monaco-header.jpg?id=253) !important;background-position: center !important;background-repeat: no-repeat !important;background-size: cover !important;}\u00bb][vc_column width=\u00bb1\/6&#8243;][\/vc_column][vc_column width=\u00bb2\/3&#8243; css=\u00bb.vc_custom_1561305594558{background-color: rgba(20,39,78,0.51) !important;*background-color: rgb(104,0,0) !important;}\u00bb][vc_custom_heading text=\u00bbINMIGRACI\u00d3N PARA JUBILADOS\u00bb font_container=\u00bbtag:h1|font_size:30px|text_align:center|color:%23ffffff|line_height:32px\u00bb use_theme_fonts=\u00bbyes\u00bb css=\u00bb.vc_custom_1563930697091{margin-bottom: 0px !important;}\u00bb][vc_custom_heading text=\u00bbM\u00d3NACO\u00bb font_container=\u00bbtag:h2|font_size:20px|text_align:center|color:%23ffffff|line_height:20px\u00bb use_theme_fonts=\u00bbyes\u00bb css=\u00bb.vc_custom_1563930704490{margin-bottom: 30px !important;}\u00bb][\/vc_column][vc_column width=\u00bb1\/6&#8243;][\/vc_column][\/vc_row][vc_row full_width=\u00bbstretch_row_content\u00bb css=\u00bb.vc_custom_1562694247586{background-color: #f8f9fa !important;}\u00bb][vc_column width=\u00bb3\/4&#8243; offset=\u00bbvc_hidden-sm vc_hidden-xs\u00bb][vc_tta_tour shape=\u00bbsquare\u00bb spacing=\u00bb\u00bb active_section=\u00bb1&#8243; el_id=\u00bbbox_shadow\u00bb][vc_tta_section title=\u00bbMISSION\u00bb tab_id=\u00bb1561305738645-98d425ea-d949&#8243;][vc_column_text]We will be [&hellip;]<\/p>\n","protected":false},"author":1,"featured_media":0,"parent":0,"menu_order":0,"comment_status":"closed","ping_status":"closed","template":"","meta":[],"yoast_head":"<!-- This site is optimized with the Yoast SEO plugin v16.1.1 - https:\/\/yoast.com\/wordpress\/plugins\/seo\/ -->\n<title>M\u00d3NACO VISADO CIUDADAN\u00cdA RESIDENCIA INMIGRACI\u00d3N<\/title>\n<link rel=\"canonical\" href=\"https:\/\/immigrationeu.fr\/monaco-immigration-for-pensioners\/\" \/>\n<meta property=\"og:locale\" content=\"es_ES\" \/>\n<meta property=\"og:type\" content=\"article\" \/>\n<meta property=\"og:title\" content=\"M\u00d3NACO VISADO CIUDADAN\u00cdA RESIDENCIA INMIGRACI\u00d3N\" \/>\n<meta property=\"og:description\" content=\"[vc_row full_width=\u00bbstretch_row\u00bb content_placement=\u00bbtop\u00bb background_position=\u00bbcenter center\u00bb css=\u00bb.vc_custom_1562167874882{padding-top: 80px !important;padding-bottom: 80px !important;background-image: url(https:\/\/immigrationeu.fr\/wp-content\/uploads\/2019\/07\/monaco-header.jpg?id=253) !important;background-position: center !important;background-repeat: no-repeat !important;background-size: cover !important;}\u00bb][vc_column width=\u00bb1\/6&#8243;][\/vc_column][vc_column width=\u00bb2\/3&#8243; css=\u00bb.vc_custom_1561305594558{background-color: rgba(20,39,78,0.51) !important;*background-color: rgb(104,0,0) !important;}\u00bb][vc_custom_heading text=\u00bbINMIGRACI\u00d3N PARA JUBILADOS\u00bb font_container=\u00bbtag:h1|font_size:30px|text_align:center|color:%23ffffff|line_height:32px\u00bb use_theme_fonts=\u00bbyes\u00bb css=\u00bb.vc_custom_1563930697091{margin-bottom: 0px !important;}\u00bb][vc_custom_heading text=\u00bbM\u00d3NACO\u00bb font_container=\u00bbtag:h2|font_size:20px|text_align:center|color:%23ffffff|line_height:20px\u00bb use_theme_fonts=\u00bbyes\u00bb css=\u00bb.vc_custom_1563930704490{margin-bottom: 30px !important;}\u00bb][\/vc_column][vc_column width=\u00bb1\/6&#8243;][\/vc_column][\/vc_row][vc_row full_width=\u00bbstretch_row_content\u00bb css=\u00bb.vc_custom_1562694247586{background-color: #f8f9fa !important;}\u00bb][vc_column width=\u00bb3\/4&#8243; offset=\u00bbvc_hidden-sm vc_hidden-xs\u00bb][vc_tta_tour shape=\u00bbsquare\u00bb spacing=\u00bb\u00bb active_section=\u00bb1&#8243; el_id=\u00bbbox_shadow\u00bb][vc_tta_section title=\u00bbMISSION\u00bb tab_id=\u00bb1561305738645-98d425ea-d949&#8243;][vc_column_text]We will be [&hellip;]\" \/>\n<meta property=\"og:url\" content=\"https:\/\/immigrationeu.fr\/monaco-immigration-for-pensioners\/\" \/>\n<meta property=\"og:site_name\" content=\"Immigration EU\" \/>\n<meta property=\"article:modified_time\" content=\"2019-08-16T04:03:39+00:00\" \/>\n<meta name=\"twitter:card\" content=\"summary_large_image\" \/>\n<meta name=\"twitter:label1\" content=\"Tiempo de lectura\">\n\t<meta name=\"twitter:data1\" content=\"10 minutos\">\n<script type=\"application\/ld+json\" class=\"yoast-schema-graph\">{\"@context\":\"https:\/\/schema.org\",\"@graph\":[{\"@type\":\"WebSite\",\"@id\":\"https:\/\/immigrationeu.fr\/#website\",\"url\":\"https:\/\/immigrationeu.fr\/\",\"name\":\"Immigration EU\",\"description\":\"\",\"potentialAction\":[{\"@type\":\"SearchAction\",\"target\":\"https:\/\/immigrationeu.fr\/?s={search_term_string}\",\"query-input\":\"required name=search_term_string\"}],\"inLanguage\":\"es\"},{\"@type\":\"WebPage\",\"@id\":\"https:\/\/immigrationeu.fr\/monaco-immigration-for-pensioners\/#webpage\",\"url\":\"https:\/\/immigrationeu.fr\/monaco-immigration-for-pensioners\/\",\"name\":\"M\\u00d3NACO VISADO CIUDADAN\\u00cdA RESIDENCIA INMIGRACI\\u00d3N\",\"isPartOf\":{\"@id\":\"https:\/\/immigrationeu.fr\/#website\"},\"datePublished\":\"2019-07-24T01:11:50+00:00\",\"dateModified\":\"2019-08-16T04:03:39+00:00\",\"breadcrumb\":{\"@id\":\"https:\/\/immigrationeu.fr\/monaco-immigration-for-pensioners\/#breadcrumb\"},\"inLanguage\":\"es\",\"potentialAction\":[{\"@type\":\"ReadAction\",\"target\":[\"https:\/\/immigrationeu.fr\/monaco-immigration-for-pensioners\/\"]}]},{\"@type\":\"BreadcrumbList\",\"@id\":\"https:\/\/immigrationeu.fr\/monaco-immigration-for-pensioners\/#breadcrumb\",\"itemListElement\":[{\"@type\":\"ListItem\",\"position\":1,\"item\":{\"@type\":\"WebPage\",\"@id\":\"https:\/\/immigrationeu.fr\/es\/inicio\/\",\"url\":\"https:\/\/immigrationeu.fr\/es\/inicio\/\",\"name\":\"Home\"}},{\"@type\":\"ListItem\",\"position\":2,\"item\":{\"@type\":\"WebPage\",\"@id\":\"https:\/\/immigrationeu.fr\/monaco-immigration-for-pensioners\/\",\"url\":\"https:\/\/immigrationeu.fr\/monaco-immigration-for-pensioners\/\",\"name\":\"M\\u00f3naco: Inmigraci\\u00f3n para jubilados\"}}]}]}<\/script>\n<!-- \/ Yoast SEO plugin. -->","_links":{"self":[{"href":"https:\/\/immigrationeu.fr\/es\/wp-json\/wp\/v2\/pages\/1570"}],"collection":[{"href":"https:\/\/immigrationeu.fr\/es\/wp-json\/wp\/v2\/pages"}],"about":[{"href":"https:\/\/immigrationeu.fr\/es\/wp-json\/wp\/v2\/types\/page"}],"author":[{"embeddable":true,"href":"https:\/\/immigrationeu.fr\/es\/wp-json\/wp\/v2\/users\/1"}],"replies":[{"embeddable":true,"href":"https:\/\/immigrationeu.fr\/es\/wp-json\/wp\/v2\/comments?post=1570"}],"version-history":[{"count":4,"href":"https:\/\/immigrationeu.fr\/es\/wp-json\/wp\/v2\/pages\/1570\/revisions"}],"predecessor-version":[{"id":2046,"href":"https:\/\/immigrationeu.fr\/es\/wp-json\/wp\/v2\/pages\/1570\/revisions\/2046"}],"wp:attachment":[{"href":"https:\/\/immigrationeu.fr\/es\/wp-json\/wp\/v2\/media?parent=1570"}],"curies":[{"name":"wp","href":"https:\/\/api.w.org\/{rel}","templated":true}]}}