{"id":2211,"date":"2019-08-21T02:19:43","date_gmt":"2019-08-21T02:19:43","guid":{"rendered":"https:\/\/immigrationeu.fr\/?page_id=2211"},"modified":"2020-12-03T01:31:57","modified_gmt":"2020-12-03T01:31:57","slug":"sobre-nosotros","status":"publish","type":"page","link":"https:\/\/immigrationeu.fr\/es\/sobre-nosotros\/","title":{"rendered":"Sobre Nosotros"},"content":{"rendered":"<p>[vc_row full_width=\u00bbstretch_row\u00bb background_position=\u00bbcenter center\u00bb css=\u00bb.vc_custom_1566353040370{padding-top: 100px !important;padding-bottom: 100px !important;background-image: url(https:\/\/immigrationeu.fr\/wp-content\/uploads\/2019\/08\/About-Inimex.jpg?id=2197) !important;background-position: center !important;background-repeat: no-repeat !important;background-size: cover !important;}\u00bb][vc_column width=\u00bb1\/6&#8243;][\/vc_column][vc_column width=\u00bb2\/3&#8243; css=\u00bb.vc_custom_1562593626160{background-color: rgba(20,39,78,0.51) !important;*background-color: rgb(104,0,0) !important;}\u00bb][vc_custom_heading text=\u00bbExpertos en inmigraci\u00f3n y abogados\u00bb font_container=\u00bbtag:h1|font_size:30px|text_align:center|color:%23ffffff|line_height:32px\u00bb use_theme_fonts=\u00bbyes\u00bb css=\u00bb.vc_custom_1566353965461{padding-bottom: 25px !important;}\u00bb][\/vc_column][vc_column width=\u00bb1\/6&#8243;][\/vc_column][\/vc_row][vc_row][vc_column][vc_empty_space][\/vc_column][\/vc_row][vc_row][vc_column][vc_column_text]De todas las personas involucradas en la creaci\u00f3n de este sitio, ninguno es extra\u00f1o al mundo de la inmigraci\u00f3n; contamos con especialistas y profesionales de una amplia gama de sectores: jur\u00eddico, financiero, inmobiliario y muchos m\u00e1s. Estamos preparados para ayudarle en cualquiera de las necesidades que pueda tener relacionadas con su inmigraci\u00f3n u obtenci\u00f3n de residencia permanente.<\/p>\n<p>Ofrecemos servicios desde y para la mayor\u00eda de los pa\u00edses de Europa como\u00a0Portugal,\u00a0Espa\u00f1a,\u00a0Francia, \u00a0Andorra,\u00a0M\u00f3naco,\u00a0B\u00e9lgica,Holanda,\u00a0Alemania,\u00a0Luxemburgo, Inglaterra, Irlanda, Bulgaria, Jersey, Guernesey y la Isla de Man.<\/p>\n<p>Tambi\u00e9n atendemos a los migrantes interesados en las Am\u00e9ricas, as\u00ed como otros destinos mundiales: Canad\u00e1, Argentina, Brasil, Uruguay, Per\u00fa, Chile, Belice y las Bahamas, Nueva Zelandia\u2026 etc.<\/p>\n<p>El mundo de hoy est\u00e1 cada d\u00eda m\u00e1s globalizado por los principales idiomas que dominan determinados medios de comunicaci\u00f3n. Muchas personas de diferentes culturas ahora trabajan juntas en \u00e1reas comunes. Esto conlleva a que muchas personas de distintos lugares deseen trasladarse, algo cada vez m\u00e1s com\u00fan. Nosotros podemos ayudarle a realizarlo.<\/p>\n<p>Contamos con los mejores abogados de inmigraci\u00f3n y consultores disponibles, asesores financieros y contables, traductores y personal para ayudarle con la integraci\u00f3n en (y normalmente de) Portugal, Espa\u00f1a, Francia, Andorra, M\u00f3naco, B\u00e9lgica, Holanda, Alemania, Luxemburgo, Inglaterra, Irlanda, Jersey, Guernesey, Isla de Man, Canad\u00e1, Argentina y Uruguay\u2026<\/p>\n<p>Con a\u00f1os de experiencia y un amplio conocimiento del sector, hemos llegado a la conclusi\u00f3n de que, cuando se trata de informaci\u00f3n con respecto a la inmigraci\u00f3n, la gente a menudo se encuentra con informaci\u00f3n contradictoria, incompleta y enga\u00f1osa. La gran mayor\u00eda de informaci\u00f3n que se encuentra en internet no siempre es fiable.<\/p>\n<p>No es ning\u00fan secreto, hay un mont\u00f3n de \u201cempresas de inmigraci\u00f3n\u201d que est\u00e1n interesadas principalmente en el dinero f\u00e1cil sin importarles realmente los procedimientos de inmigraci\u00f3n y sus resultados. Sin embargo, nosotros deseamos demostrar lo contrario.<\/p>\n<p>Teniendo en cuenta los aspectos descritos anteriormente, hemos decidido crear un portal de informaci\u00f3n, donde las leyes de inmigraci\u00f3n se publicar\u00e1n con una descripci\u00f3n de los requisitos de cada programa, permiso de residencia necesario, entrevistas requeridas con gerentes y empleados del Departamento de Inmigraci\u00f3n, opiniones de los abogados y as\u00ed sucesivamente, con el fin de darle diferentes recursos y mucho m\u00e1s.<\/p>\n<p>Todos los textos en este sitio web estar\u00e1n acompa\u00f1ados por una referencia a las fuentes del gobierno correspondiente y a sus leyes de inmigraci\u00f3n. Art\u00edculos informativos ser\u00e1n traducidos a todos los idiomas disponibles en el sitio web, es decir: ingl\u00e9s, franc\u00e9s, espa\u00f1ol, ruso y chino.<\/p>\n<p>Siempre puede contactar con nosotros: en l\u00ednea a trav\u00e9s de Skype o envi\u00e1ndonos un mensaje.[\/vc_column_text][\/vc_column][\/vc_row][vc_column width=\u00bb1\/6&#8243; offset=\u00bbvc_hidden-sm vc_hidden-xs\u00bb][\/vc_column][vc_row full_width=\u00bbstretch_row\u00bb background_position=\u00bbright top\u00bb css=\u00bb.vc_custom_1602114698511{padding-top: 40px !important;padding-bottom: 20px !important;background-color: #14274e !important;background-position: center !important;background-repeat: no-repeat !important;background-size: cover !important;}\u00bb][vc_column width=\u00bb1\/4&#8243; css=\u00bb.vc_custom_1562383084786{margin-bottom: 30px !important;}\u00bb][vc_widget_sidebar sidebar_id=\u00bbnitro-sidebar-51&#8243;][\/vc_column][vc_column width=\u00bb1\/3&#8243; css=\u00bb.vc_custom_1562383090392{margin-bottom: 30px !important;}\u00bb][vc_widget_sidebar sidebar_id=\u00bbnitro-sidebar-52&#8243;][\/vc_column][vc_column width=\u00bb1\/3&#8243; css=\u00bb.vc_custom_1562383096710{margin-bottom: 30px !important;}\u00bb][vc_widget_sidebar sidebar_id=\u00bbnitro-sidebar-53&#8243;][\/vc_column][\/vc_row][vc_row full_width=\u00bbstretch_row\u00bb content_placement=\u00bbmiddle\u00bb css=\u00bb.vc_custom_1606925812237{background-color: #f8f9fa !important;}\u00bb][vc_column width=\u00bb1\/2&#8243;][vc_column_text css=\u00bb.vc_custom_1606926041350{margin-top: 0px !important;margin-bottom: 0px !important;}\u00bb]\n<div class=\"wpml-ls-statics-footer wpml-ls wpml-ls-legacy-list-horizontal\">\n\t<ul><li class=\"wpml-ls-slot-footer wpml-ls-item wpml-ls-item-es wpml-ls-current-language wpml-ls-item-legacy-list-horizontal\">\n\t\t\t\t<a href=\"https:\/\/immigrationeu.fr\/es\/\" class=\"wpml-ls-link\">\n                                                        <img\n            class=\"wpml-ls-flag\"\n            src=\"https:\/\/immigrationeu.fr\/wp-content\/plugins\/sitepress-multilingual-cms\/res\/flags\/es.png\"\n            alt=\"\"\n            width=18\n            height=12\n    \/><span class=\"wpml-ls-native\">Espa\u00f1ol<\/span><\/a>\n\t\t\t<\/li><li class=\"wpml-ls-slot-footer wpml-ls-item wpml-ls-item-en wpml-ls-first-item wpml-ls-item-legacy-list-horizontal\">\n\t\t\t\t<a href=\"https:\/\/immigrationeu.fr\" class=\"wpml-ls-link\">\n                                                        <img\n            class=\"wpml-ls-flag\"\n            src=\"https:\/\/immigrationeu.fr\/wp-content\/plugins\/sitepress-multilingual-cms\/res\/flags\/en.png\"\n            alt=\"\"\n            width=18\n            height=12\n    \/><span class=\"wpml-ls-native\" lang=\"en\">English<\/span><\/a>\n\t\t\t<\/li><li class=\"wpml-ls-slot-footer wpml-ls-item wpml-ls-item-fr wpml-ls-item-legacy-list-horizontal\">\n\t\t\t\t<a href=\"https:\/\/immigrationeu.fr\/fr\/\" class=\"wpml-ls-link\">\n                                                        <img\n            class=\"wpml-ls-flag\"\n            src=\"https:\/\/immigrationeu.fr\/wp-content\/plugins\/sitepress-multilingual-cms\/res\/flags\/fr.png\"\n            alt=\"\"\n            width=18\n            height=12\n    \/><span class=\"wpml-ls-native\" lang=\"fr\">Fran\u00e7ais<\/span><\/a>\n\t\t\t<\/li><li class=\"wpml-ls-slot-footer wpml-ls-item wpml-ls-item-ru wpml-ls-item-legacy-list-horizontal\">\n\t\t\t\t<a href=\"https:\/\/immigrationeu.fr\/ru\/\" class=\"wpml-ls-link\">\n                                                        <img\n            class=\"wpml-ls-flag\"\n            src=\"https:\/\/immigrationeu.fr\/wp-content\/plugins\/sitepress-multilingual-cms\/res\/flags\/ru.png\"\n            alt=\"\"\n            width=18\n            height=12\n    \/><span class=\"wpml-ls-native\" lang=\"ru\">\u0420\u0443\u0441\u0441\u043a\u0438\u0439<\/span><\/a>\n\t\t\t<\/li><li class=\"wpml-ls-slot-footer wpml-ls-item wpml-ls-item-cn wpml-ls-last-item wpml-ls-item-legacy-list-horizontal\">\n\t\t\t\t<a href=\"https:\/\/immigrationeu.fr\/cn\/\" class=\"wpml-ls-link\">\n                                                        <img\n            class=\"wpml-ls-flag\"\n            src=\"https:\/\/immigrationeu.fr\/wp-content\/uploads\/flags\/cn.png\"\n            alt=\"\"\n            width=18\n            height=12\n    \/><span class=\"wpml-ls-native\" lang=\"cn\">Chinese <\/span><\/a>\n\t\t\t<\/li><\/ul>\n<\/div>\n[\/vc_column_text][\/vc_column][vc_column width=\u00bb1\/2&#8243;][vc_widget_sidebar sidebar_id=\u00bbnitro-sidebar-54&#8243;][\/vc_column][\/vc_row]<\/p>\n","protected":false},"excerpt":{"rendered":"<p>[vc_row full_width=\u00bbstretch_row\u00bb background_position=\u00bbcenter center\u00bb css=\u00bb.vc_custom_1566353040370{padding-top: 100px !important;padding-bottom: 100px !important;background-image: url(https:\/\/immigrationeu.fr\/wp-content\/uploads\/2019\/08\/About-Inimex.jpg?id=2197) !important;background-position: center !important;background-repeat: no-repeat !important;background-size: cover !important;}\u00bb][vc_column width=\u00bb1\/6&#8243;][\/vc_column][vc_column width=\u00bb2\/3&#8243; css=\u00bb.vc_custom_1562593626160{background-color: rgba(20,39,78,0.51) !important;*background-color: rgb(104,0,0) !important;}\u00bb][vc_custom_heading text=\u00bbExpertos en inmigraci\u00f3n y abogados\u00bb font_container=\u00bbtag:h1|font_size:30px|text_align:center|color:%23ffffff|line_height:32px\u00bb use_theme_fonts=\u00bbyes\u00bb css=\u00bb.vc_custom_1566353965461{padding-bottom: 25px !important;}\u00bb][\/vc_column][vc_column width=\u00bb1\/6&#8243;][\/vc_column][\/vc_row][vc_row][vc_column][vc_empty_space][\/vc_column][\/vc_row][vc_row][vc_column][vc_column_text]De todas las personas involucradas en la creaci\u00f3n de este sitio, ninguno es extra\u00f1o al mundo de la inmigraci\u00f3n; contamos con [&hellip;]<\/p>\n","protected":false},"author":1,"featured_media":0,"parent":0,"menu_order":0,"comment_status":"closed","ping_status":"closed","template":"","meta":[],"yoast_head":"<!-- This site is optimized with the Yoast SEO plugin v16.1.1 - https:\/\/yoast.com\/wordpress\/plugins\/seo\/ -->\n<title>VISADO INMIGRACI\u00d3N RESIDENCIA CIUDADAN\u00cdA NACIONALIDAD<\/title>\n<link rel=\"canonical\" href=\"https:\/\/immigrationeu.fr\/about-us\/\" \/>\n<meta property=\"og:locale\" content=\"es_ES\" \/>\n<meta property=\"og:type\" content=\"article\" \/>\n<meta property=\"og:title\" content=\"VISADO INMIGRACI\u00d3N RESIDENCIA CIUDADAN\u00cdA NACIONALIDAD\" \/>\n<meta property=\"og:description\" content=\"[vc_row full_width=\u00bbstretch_row\u00bb background_position=\u00bbcenter center\u00bb css=\u00bb.vc_custom_1566353040370{padding-top: 100px !important;padding-bottom: 100px !important;background-image: url(https:\/\/immigrationeu.fr\/wp-content\/uploads\/2019\/08\/About-Inimex.jpg?id=2197) !important;background-position: center !important;background-repeat: no-repeat !important;background-size: cover !important;}\u00bb][vc_column width=\u00bb1\/6&#8243;][\/vc_column][vc_column width=\u00bb2\/3&#8243; css=\u00bb.vc_custom_1562593626160{background-color: rgba(20,39,78,0.51) !important;*background-color: rgb(104,0,0) !important;}\u00bb][vc_custom_heading text=\u00bbExpertos en inmigraci\u00f3n y abogados\u00bb font_container=\u00bbtag:h1|font_size:30px|text_align:center|color:%23ffffff|line_height:32px\u00bb use_theme_fonts=\u00bbyes\u00bb css=\u00bb.vc_custom_1566353965461{padding-bottom: 25px !important;}\u00bb][\/vc_column][vc_column width=\u00bb1\/6&#8243;][\/vc_column][\/vc_row][vc_row][vc_column][vc_empty_space][\/vc_column][\/vc_row][vc_row][vc_column][vc_column_text]De todas las personas involucradas en la creaci\u00f3n de este sitio, ninguno es extra\u00f1o al mundo de la inmigraci\u00f3n; contamos con [&hellip;]\" \/>\n<meta property=\"og:url\" content=\"https:\/\/immigrationeu.fr\/about-us\/\" \/>\n<meta property=\"og:site_name\" content=\"Immigration EU\" \/>\n<meta property=\"article:modified_time\" content=\"2020-12-03T01:31:57+00:00\" \/>\n<meta name=\"twitter:card\" content=\"summary_large_image\" \/>\n<meta name=\"twitter:label1\" content=\"Tiempo de lectura\">\n\t<meta name=\"twitter:data1\" content=\"4 minutos\">\n<script type=\"application\/ld+json\" class=\"yoast-schema-graph\">{\"@context\":\"https:\/\/schema.org\",\"@graph\":[{\"@type\":\"WebSite\",\"@id\":\"https:\/\/immigrationeu.fr\/#website\",\"url\":\"https:\/\/immigrationeu.fr\/\",\"name\":\"Immigration EU\",\"description\":\"\",\"potentialAction\":[{\"@type\":\"SearchAction\",\"target\":\"https:\/\/immigrationeu.fr\/?s={search_term_string}\",\"query-input\":\"required name=search_term_string\"}],\"inLanguage\":\"es\"},{\"@type\":\"WebPage\",\"@id\":\"https:\/\/immigrationeu.fr\/about-us\/#webpage\",\"url\":\"https:\/\/immigrationeu.fr\/about-us\/\",\"name\":\"VISADO INMIGRACI\\u00d3N RESIDENCIA CIUDADAN\\u00cdA NACIONALIDAD\",\"isPartOf\":{\"@id\":\"https:\/\/immigrationeu.fr\/#website\"},\"datePublished\":\"2019-08-21T02:19:43+00:00\",\"dateModified\":\"2020-12-03T01:31:57+00:00\",\"breadcrumb\":{\"@id\":\"https:\/\/immigrationeu.fr\/about-us\/#breadcrumb\"},\"inLanguage\":\"es\",\"potentialAction\":[{\"@type\":\"ReadAction\",\"target\":[\"https:\/\/immigrationeu.fr\/about-us\/\"]}]},{\"@type\":\"BreadcrumbList\",\"@id\":\"https:\/\/immigrationeu.fr\/about-us\/#breadcrumb\",\"itemListElement\":[{\"@type\":\"ListItem\",\"position\":1,\"item\":{\"@type\":\"WebPage\",\"@id\":\"https:\/\/immigrationeu.fr\/es\/inicio\/\",\"url\":\"https:\/\/immigrationeu.fr\/es\/inicio\/\",\"name\":\"Home\"}},{\"@type\":\"ListItem\",\"position\":2,\"item\":{\"@type\":\"WebPage\",\"@id\":\"https:\/\/immigrationeu.fr\/about-us\/\",\"url\":\"https:\/\/immigrationeu.fr\/about-us\/\",\"name\":\"Sobre Nosotros\"}}]}]}<\/script>\n<!-- \/ Yoast SEO plugin. -->","_links":{"self":[{"href":"https:\/\/immigrationeu.fr\/es\/wp-json\/wp\/v2\/pages\/2211"}],"collection":[{"href":"https:\/\/immigrationeu.fr\/es\/wp-json\/wp\/v2\/pages"}],"about":[{"href":"https:\/\/immigrationeu.fr\/es\/wp-json\/wp\/v2\/types\/page"}],"author":[{"embeddable":true,"href":"https:\/\/immigrationeu.fr\/es\/wp-json\/wp\/v2\/users\/1"}],"replies":[{"embeddable":true,"href":"https:\/\/immigrationeu.fr\/es\/wp-json\/wp\/v2\/comments?post=2211"}],"version-history":[{"count":3,"href":"https:\/\/immigrationeu.fr\/es\/wp-json\/wp\/v2\/pages\/2211\/revisions"}],"predecessor-version":[{"id":3297,"href":"https:\/\/immigrationeu.fr\/es\/wp-json\/wp\/v2\/pages\/2211\/revisions\/3297"}],"wp:attachment":[{"href":"https:\/\/immigrationeu.fr\/es\/wp-json\/wp\/v2\/media?parent=2211"}],"curies":[{"name":"wp","href":"https:\/\/api.w.org\/{rel}","templated":true}]}}